{"id":23235817,"date":"2024-01-22T20:59:43","date_gmt":"2024-01-22T20:59:43","guid":{"rendered":"https:\/\/connecticut.50can.org\/politica-de-privacidad\/"},"modified":"2024-01-22T20:59:43","modified_gmt":"2024-01-22T20:59:43","slug":"politica-de-privacidad","status":"publish","type":"page","link":"https:\/\/conncan.org\/es\/politica-de-privacidad\/","title":{"rendered":"Pol\u00edtica de privacidad"},"content":{"rendered":"<p>La privacidad es de importancia fundamental para 50CAN y esta pol\u00edtica de privacidad describe c\u00f3mo recogemos, utilizamos y salvaguardamos tu informaci\u00f3n en nuestro sitio web. Esta pol\u00edtica de privacidad se aplica \u00fanicamente a la informaci\u00f3n que recopilamos a trav\u00e9s del sitio web. <\/p>\n<p>Cambios en esta Pol\u00edtica de Privacidad<\/p>\n<p>Esta pol\u00edtica de privacidad puede actualizarse peri\u00f3dicamente para reflejar los cambios en nuestras pr\u00e1cticas de informaci\u00f3n en l\u00ednea. Se publicar\u00e1 un aviso de cualquier cambio de este tipo en la p\u00e1gina de inicio de nuestro sitio web al menos treinta (30) d\u00edas antes de la aplicaci\u00f3n de dicho cambio. Nuestra pol\u00edtica de privacidad m\u00e1s actualizada est\u00e1 siempre disponible en nuestro sitio web y la fecha de revisi\u00f3n m\u00e1s reciente aparece siempre al final de la pol\u00edtica de privacidad.  <\/p>\n<p>Ponte en contacto con nosotros<br \/>\nSi tienes comentarios o preguntas sobre esta pol\u00edtica de privacidad o deseas \u00abexcluirte\u00bb de ciertos tipos de usos de la informaci\u00f3n, no dudes en ponerte en contacto con nosotros en 50CAN, 1625 K Street NW, Suite 400, Washington, DC 20006 o enviando un correo electr\u00f3nico a info@conncan.org.<\/p>\n<p>Informaci\u00f3n que recopilamos<br \/>\nLa informaci\u00f3n que recopilamos generalmente se divide en dos categor\u00edas: (1) informaci\u00f3n personal que nos proporcionas voluntariamente, como cuando nos proporcionas tus datos para saber m\u00e1s sobre 50CAN, cuando nos haces una donaci\u00f3n o cuando te registras para ayudar en nuestros esfuerzos de recaudaci\u00f3n de fondos, te unes a nuestras listas de distribuci\u00f3n o recibes nuestros correos electr\u00f3nicos, como las actualizaciones de nuestra campa\u00f1a, nuestro resumen semanal de noticias o nuestro resumen mensual de investigaci\u00f3n, y (2) informaci\u00f3n de seguimiento que podemos recopilar mientras navegas por el sitio web.<\/p>\n<p>Consulta la secci\u00f3n siguiente, titulada \u00abC\u00f3mo puedes excluirte de nuestros usos de la informaci\u00f3n\u00bb, relativa a tu derecho a pedirnos que no utilicemos tu informaci\u00f3n para determinados fines.<\/p>\n<p>Informaci\u00f3n personal<br \/>\nPodemos pedirte tu nombre, el nombre de tu organizaci\u00f3n, direcci\u00f3n postal, direcci\u00f3n de correo electr\u00f3nico, n\u00famero de tel\u00e9fono, informaci\u00f3n sobre tu tarjeta de cr\u00e9dito o d\u00e9bito y otra informaci\u00f3n personal. Utilizamos esta informaci\u00f3n para personalizar tu experiencia en l\u00ednea, proporcionarte mensajes personalizados por correo electr\u00f3nico y correo directo sobre 50CAN y ayudarnos a mejorar el sitio web. <\/p>\n<p>Informaci\u00f3n de seguimiento y cookies<br \/>\nCuando visitas nuestro sitio web, podemos recopilar informaci\u00f3n de seguimiento como tu tipo de navegador, el tipo de sistema operativo que utilizas, las p\u00e1ginas que has visitado en nuestro sitio web y los t\u00e9rminos de b\u00fasqueda que has introducido. Utilizamos cookies, balizas web y otras tecnolog\u00edas para an\u00e1lisis y servicios personalizados. <\/p>\n<p>Una cookie es un peque\u00f1o archivo de texto que el servidor de nuestro sitio web env\u00eda a tu ordenador. Utilizamos cookies para recopilar informaci\u00f3n de seguimiento y para recordar la informaci\u00f3n que nos has facilitado. Esto se hace para que no tengas que volver a introducir la informaci\u00f3n cada vez que visites nuestro sitio web. La mayor\u00eda de los navegadores web pueden configurarse para que te informen cuando se te env\u00ede una cookie y te ofrezcan la oportunidad de rechazarla o de eliminarla posteriormente. Ten en cuenta que si eliminas o decides no aceptar nuestras cookies, tendr\u00e1s que volver a introducir tus datos y seleccionar tus preferencias cada vez que visites nuestro sitio web.    <\/p>\n<p>Estad\u00edsticas de la Web<br \/>\nTambi\u00e9n utilizamos las direcciones IP para analizar tendencias, administrar el sitio web, resolver problemas t\u00e9cnicos, rastrear el movimiento de los usuarios y recopilar informaci\u00f3n demogr\u00e1fica amplia para uso agregado con fines informativos y de patrocinio. Las direcciones IP no est\u00e1n vinculadas a informaci\u00f3n personal identificable. <\/p>\n<p>C\u00f3mo se utilizar\u00e1 tu informaci\u00f3n<br \/>\nUtilizaremos la informaci\u00f3n que recopilemos de ti y sobre ti para diversos fines, entre ellos responder a tus solicitudes, como cualquier solicitud para unirte a nuestros listservs de noticias o de investigaci\u00f3n, proporcionarte informaci\u00f3n adicional sobre 50CAN, mejorar nuestro sitio web, personalizar tu experiencia en nuestro sitio web, procesar donaciones y supervisar las publicaciones en cualquier tabl\u00f3n de anuncios, blog o \u00e1reas de chat que podamos poner a tu disposici\u00f3n. Nuestro objetivo principal es proporcionarte una experiencia personalizada y toda la informaci\u00f3n necesaria para que conozcas a fondo 50CAN y los servicios que ofrecemos. Tambi\u00e9n nos reservamos el derecho a compartir tu direcci\u00f3n de correo electr\u00f3nico entre nuestros afiliados nacionales y estatales de la red 50CAN para mantenerte informado de oportunidades similares de reforma educativa que tambi\u00e9n puedan interesarte.  <\/p>\n<p>C\u00f3mo se compartir\u00e1 tu informaci\u00f3n<br \/>\nValoramos tu privacidad y no venderemos tu informaci\u00f3n personal a terceros. Sin embargo, podemos compartir tu informaci\u00f3n con terceros en circunstancias limitadas, como: <\/p>\n<p>Proveedores de servicios<br \/>\nPodemos compartir tu informaci\u00f3n con proveedores de servicios externos, como AuthorizeNet, que nos ayudan a operar y mantener nuestro sitio web o a prestar nuestros servicios. Cualquier proveedor de servicios externo con el que compartamos tu informaci\u00f3n tendr\u00e1 restringido contractualmente el uso o divulgaci\u00f3n de tu informaci\u00f3n personal para cualquier fin que no sea el necesario para prestar los servicios para los que se divulg\u00f3 la informaci\u00f3n. <\/p>\n<p>Con fines legales<br \/>\nDivulgaremos informaci\u00f3n cuando creamos que estamos legalmente obligados a hacerlo, como en respuesta a una orden o citaci\u00f3n judicial. Tambi\u00e9n podemos vernos obligados a divulgar informaci\u00f3n si compramos o vendemos una empresa, aunque en tales casos tu informaci\u00f3n estar\u00eda normalmente cubierta por un acuerdo de confidencialidad. <\/p>\n<p>Informaci\u00f3n agregada<br \/>\nPodemos revelar a terceros, como nuestros socios, patrocinadores o donantes, estad\u00edsticas agregadas no identificables personalmente, como patrones generales o informes demogr\u00e1ficos, en relaci\u00f3n con el comportamiento de los usuarios como medida de inter\u00e9s y uso de nuestro sitio web y materiales de marketing. Las divulgaciones agregadas no describir\u00e1n ni identificar\u00e1n a ning\u00fan usuario individual. <\/p>\n<p>Nuestro sitio web puede ofrecer a sus usuarios la oportunidad de compartir sus propios contenidos, por ejemplo, en blogs o tablones de mensajes. Si decides utilizar estas funciones, debes ser consciente de que cualquier informaci\u00f3n personal que env\u00edes a trav\u00e9s de estas funciones puede ser le\u00edda, recopilada o utilizada por otros usuarios de estas funciones y podr\u00eda ser utilizada para enviarte mensajes no solicitados. Ten en cuenta que 50CAN no es responsable de la informaci\u00f3n personal que decidas enviar a trav\u00e9s de estas funciones.  <\/p>\n<p>Los usuarios de nuestro sitio web tambi\u00e9n deben ser conscientes de lo siguiente:<\/p>\n<p>Enlaces de correo electr\u00f3nico<br \/>\nUtilizamos enlaces de correo electr\u00f3nico situados en este sitio web para que puedas ponerte en contacto con nosotros directamente por correo electr\u00f3nico. Utilizamos la informaci\u00f3n proporcionada en tu correo electr\u00f3nico para responder a tus preguntas o comentarios. Tambi\u00e9n podemos almacenar tus comentarios para futuras consultas.  <\/p>\n<p>Comunicaciones por correo electr\u00f3nico<br \/>\n50CAN publica diversas comunicaciones por correo electr\u00f3nico. Como se establece en esta pol\u00edtica de privacidad, puedes suscribirte o darte de baja de cualquier correo electr\u00f3nico en cualquier momento. <\/p>\n<p>C\u00f3mo puedes excluirte de nuestros usos de la informaci\u00f3n<br \/>\nPuedes evitar la recogida de informaci\u00f3n personal neg\u00e1ndote a registrarte en nuestro sitio web, o no participando en otros aspectos interactivos de este sitio web para los que requerimos dicha informaci\u00f3n. Si no deseas recibir informaci\u00f3n comercial nuestra en el futuro, puedes darte de baja haciendo clic en el enlace \u00abcancelar suscripci\u00f3n\u00bb incluido en cualquier correo electr\u00f3nico comercial o poni\u00e9ndote en contacto con nosotros en la direcci\u00f3n postal o de correo electr\u00f3nico que aparece al principio de esta pol\u00edtica de privacidad, en la Secci\u00f3n titulada \u00abContacto.\u00bb Haremos todos los esfuerzos razonables para atender tu solicitud con prontitud.  <\/p>\n<p>No puedes optar por que no utilicemos tus datos con fines legales o para responder a una solicitud que t\u00fa hayas iniciado.<\/p>\n<p>Actualizaci\u00f3n o correcci\u00f3n de tus datos<br \/>\nTe rogamos que nos comuniques si alg\u00fan dato que nos hayas facilitado es incorrecto o incompleto, y haremos todo lo posible por actualizarlo o corregirlo con prontitud.<\/p>\n<p>Seguridad<br \/>\nHemos puesto en marcha procedimientos f\u00edsicos, electr\u00f3nicos y de gesti\u00f3n adecuados para salvaguardar y ayudar a prevenir el acceso no autorizado, mantener la seguridad de los datos y utilizar correctamente la informaci\u00f3n que recopilamos. Mantenemos un proceso seguro para recoger, transmitir y almacenar tu informaci\u00f3n personal. <\/p>\n<p>Ten en cuenta que ning\u00fan m\u00e9todo de transmisi\u00f3n o almacenamiento de datos electr\u00f3nicos es completamente seguro, por lo que no podemos garantizar que nunca se acceda, utilice o divulgue dicha informaci\u00f3n de forma contraria a esta pol\u00edtica de privacidad.<\/p>\n<p>Si introducimos funciones protegidas por contrase\u00f1a, te instamos a que guardes cualquier contrase\u00f1a en l\u00ednea que podamos proporcionarte en un lugar seguro y a que no la reveles a nadie. Recuerda tambi\u00e9n cerrar la sesi\u00f3n y la ventana del navegador cuando hayas terminado tu visita, especialmente si compartes ordenador con otra persona o lo utilizas en un lugar p\u00fablico, como una biblioteca o un cibercaf\u00e9. <\/p>\n<p>Menores<br \/>\nEste sitio web no est\u00e1 dirigido a menores de 13 a\u00f1os y no recopilamos conscientemente informaci\u00f3n personal de menores de 13 a\u00f1os en nuestro sitio web. Si nos damos cuenta de que hemos recibido inadvertidamente informaci\u00f3n personal de un visitante menor de 13 a\u00f1os en nuestro sitio web, borraremos la informaci\u00f3n de nuestros registros. <\/p>\n<p>\u00daltima actualizaci\u00f3n<br \/>\nEsta pol\u00edtica de privacidad se actualiz\u00f3 por \u00faltima vez y es efectiva desde el 30 de noviembre de 2016.<\/p>\n","protected":false},"excerpt":{"rendered":"<p>La privacidad es de importancia fundamental para 50CAN y esta pol\u00edtica de privacidad describe c\u00f3mo recogemos, utilizamos y salvaguardamos tu informaci\u00f3n en nuestro sitio web. Esta pol\u00edtica de privacidad se aplica \u00fanicamente a la informaci\u00f3n que recopilamos a trav\u00e9s del sitio web. Cambios en esta Pol\u00edtica de Privacidad Esta pol\u00edtica de privacidad puede actualizarse peri\u00f3dicamente [&hellip;]<\/p>\n","protected":false},"author":205,"featured_media":0,"parent":0,"menu_order":17,"comment_status":"closed","ping_status":"closed","template":"","meta":{"_et_pb_use_builder":"","_et_pb_old_content":"","_et_gb_content_width":"","footnotes":""},"class_list":["post-23235817","page","type-page","status-publish","hentry"],"yoast_head":"<!-- This site is optimized with the Yoast SEO plugin v27.3 - https:\/\/yoast.com\/product\/yoast-seo-wordpress\/ -->\n<title>Pol\u00edtica de privacidad - ConnCAN<\/title>\n<meta name=\"robots\" content=\"index, follow, max-snippet:-1, max-image-preview:large, max-video-preview:-1\" \/>\n<link rel=\"canonical\" href=\"https:\/\/conncan.org\/es\/politica-de-privacidad\/\" \/>\n<meta property=\"og:locale\" content=\"es_ES\" \/>\n<meta property=\"og:type\" content=\"article\" \/>\n<meta property=\"og:title\" content=\"Pol\u00edtica de privacidad - ConnCAN\" \/>\n<meta property=\"og:description\" content=\"La privacidad es de importancia fundamental para 50CAN y esta pol\u00edtica de privacidad describe c\u00f3mo recogemos, utilizamos y salvaguardamos tu informaci\u00f3n en nuestro sitio web. Esta pol\u00edtica de privacidad se aplica \u00fanicamente a la informaci\u00f3n que recopilamos a trav\u00e9s del sitio web. Cambios en esta Pol\u00edtica de Privacidad Esta pol\u00edtica de privacidad puede actualizarse peri\u00f3dicamente [&hellip;]\" \/>\n<meta property=\"og:url\" content=\"https:\/\/conncan.org\/es\/politica-de-privacidad\/\" \/>\n<meta property=\"og:site_name\" content=\"ConnCAN\" \/>\n<meta property=\"article:publisher\" content=\"https:\/\/www.facebook.com\/50CAN\" \/>\n<meta name=\"twitter:card\" content=\"summary_large_image\" \/>\n<meta name=\"twitter:site\" content=\"@fiftycan\" \/>\n<meta name=\"twitter:label1\" content=\"Tiempo de lectura\" \/>\n\t<meta name=\"twitter:data1\" content=\"8 minutos\" \/>\n<script type=\"application\/ld+json\" class=\"yoast-schema-graph\">{\"@context\":\"https:\\\/\\\/schema.org\",\"@graph\":[{\"@type\":\"WebPage\",\"@id\":\"https:\\\/\\\/conncan.org\\\/es\\\/politica-de-privacidad\\\/\",\"url\":\"https:\\\/\\\/conncan.org\\\/es\\\/politica-de-privacidad\\\/\",\"name\":\"Pol\u00edtica de privacidad - ConnCAN\",\"isPartOf\":{\"@id\":\"https:\\\/\\\/conncan.org\\\/es\\\/#website\"},\"datePublished\":\"2024-01-22T20:59:43+00:00\",\"breadcrumb\":{\"@id\":\"https:\\\/\\\/conncan.org\\\/es\\\/politica-de-privacidad\\\/#breadcrumb\"},\"inLanguage\":\"es\",\"potentialAction\":[{\"@type\":\"ReadAction\",\"target\":[\"https:\\\/\\\/conncan.org\\\/es\\\/politica-de-privacidad\\\/\"]}]},{\"@type\":\"BreadcrumbList\",\"@id\":\"https:\\\/\\\/conncan.org\\\/es\\\/politica-de-privacidad\\\/#breadcrumb\",\"itemListElement\":[{\"@type\":\"ListItem\",\"position\":1,\"name\":\"Home\",\"item\":\"https:\\\/\\\/conncan.org\\\/es\\\/\"},{\"@type\":\"ListItem\",\"position\":2,\"name\":\"Pol\u00edtica de privacidad\"}]},{\"@type\":\"WebSite\",\"@id\":\"https:\\\/\\\/conncan.org\\\/es\\\/#website\",\"url\":\"https:\\\/\\\/conncan.org\\\/es\\\/\",\"name\":\"50CAN National\",\"description\":\"\",\"publisher\":{\"@id\":\"https:\\\/\\\/conncan.org\\\/es\\\/#organization\"},\"potentialAction\":[{\"@type\":\"SearchAction\",\"target\":{\"@type\":\"EntryPoint\",\"urlTemplate\":\"https:\\\/\\\/conncan.org\\\/es\\\/?s={search_term_string}\"},\"query-input\":{\"@type\":\"PropertyValueSpecification\",\"valueRequired\":true,\"valueName\":\"search_term_string\"}}],\"inLanguage\":\"es\"},{\"@type\":\"Organization\",\"@id\":\"https:\\\/\\\/conncan.org\\\/es\\\/#organization\",\"name\":\"50CAN\",\"url\":\"https:\\\/\\\/conncan.org\\\/es\\\/\",\"logo\":{\"@type\":\"ImageObject\",\"inLanguage\":\"es\",\"@id\":\"https:\\\/\\\/conncan.org\\\/es\\\/#\\\/schema\\\/logo\\\/image\\\/\",\"url\":\"https:\\\/\\\/conncan.org\\\/wp-content\\\/uploads\\\/sites\\\/25\\\/2023\\\/07\\\/50CAN-Logo-White-background.png\",\"contentUrl\":\"https:\\\/\\\/conncan.org\\\/wp-content\\\/uploads\\\/sites\\\/25\\\/2023\\\/07\\\/50CAN-Logo-White-background.png\",\"width\":300,\"height\":200,\"caption\":\"50CAN\"},\"image\":{\"@id\":\"https:\\\/\\\/conncan.org\\\/es\\\/#\\\/schema\\\/logo\\\/image\\\/\"},\"sameAs\":[\"https:\\\/\\\/www.facebook.com\\\/50CAN\",\"https:\\\/\\\/x.com\\\/fiftycan\",\"https:\\\/\\\/www.instagram.com\\\/fiftycan\"]}]}<\/script>\n<!-- \/ Yoast SEO plugin. -->","yoast_head_json":{"title":"Pol\u00edtica de privacidad - ConnCAN","robots":{"index":"index","follow":"follow","max-snippet":"max-snippet:-1","max-image-preview":"max-image-preview:large","max-video-preview":"max-video-preview:-1"},"canonical":"https:\/\/conncan.org\/es\/politica-de-privacidad\/","og_locale":"es_ES","og_type":"article","og_title":"Pol\u00edtica de privacidad - ConnCAN","og_description":"La privacidad es de importancia fundamental para 50CAN y esta pol\u00edtica de privacidad describe c\u00f3mo recogemos, utilizamos y salvaguardamos tu informaci\u00f3n en nuestro sitio web. Esta pol\u00edtica de privacidad se aplica \u00fanicamente a la informaci\u00f3n que recopilamos a trav\u00e9s del sitio web. Cambios en esta Pol\u00edtica de Privacidad Esta pol\u00edtica de privacidad puede actualizarse peri\u00f3dicamente [&hellip;]","og_url":"https:\/\/conncan.org\/es\/politica-de-privacidad\/","og_site_name":"ConnCAN","article_publisher":"https:\/\/www.facebook.com\/50CAN","twitter_card":"summary_large_image","twitter_site":"@fiftycan","twitter_misc":{"Tiempo de lectura":"8 minutos"},"schema":{"@context":"https:\/\/schema.org","@graph":[{"@type":"WebPage","@id":"https:\/\/conncan.org\/es\/politica-de-privacidad\/","url":"https:\/\/conncan.org\/es\/politica-de-privacidad\/","name":"Pol\u00edtica de privacidad - ConnCAN","isPartOf":{"@id":"https:\/\/conncan.org\/es\/#website"},"datePublished":"2024-01-22T20:59:43+00:00","breadcrumb":{"@id":"https:\/\/conncan.org\/es\/politica-de-privacidad\/#breadcrumb"},"inLanguage":"es","potentialAction":[{"@type":"ReadAction","target":["https:\/\/conncan.org\/es\/politica-de-privacidad\/"]}]},{"@type":"BreadcrumbList","@id":"https:\/\/conncan.org\/es\/politica-de-privacidad\/#breadcrumb","itemListElement":[{"@type":"ListItem","position":1,"name":"Home","item":"https:\/\/conncan.org\/es\/"},{"@type":"ListItem","position":2,"name":"Pol\u00edtica de privacidad"}]},{"@type":"WebSite","@id":"https:\/\/conncan.org\/es\/#website","url":"https:\/\/conncan.org\/es\/","name":"50CAN National","description":"","publisher":{"@id":"https:\/\/conncan.org\/es\/#organization"},"potentialAction":[{"@type":"SearchAction","target":{"@type":"EntryPoint","urlTemplate":"https:\/\/conncan.org\/es\/?s={search_term_string}"},"query-input":{"@type":"PropertyValueSpecification","valueRequired":true,"valueName":"search_term_string"}}],"inLanguage":"es"},{"@type":"Organization","@id":"https:\/\/conncan.org\/es\/#organization","name":"50CAN","url":"https:\/\/conncan.org\/es\/","logo":{"@type":"ImageObject","inLanguage":"es","@id":"https:\/\/conncan.org\/es\/#\/schema\/logo\/image\/","url":"https:\/\/conncan.org\/wp-content\/uploads\/sites\/25\/2023\/07\/50CAN-Logo-White-background.png","contentUrl":"https:\/\/conncan.org\/wp-content\/uploads\/sites\/25\/2023\/07\/50CAN-Logo-White-background.png","width":300,"height":200,"caption":"50CAN"},"image":{"@id":"https:\/\/conncan.org\/es\/#\/schema\/logo\/image\/"},"sameAs":["https:\/\/www.facebook.com\/50CAN","https:\/\/x.com\/fiftycan","https:\/\/www.instagram.com\/fiftycan"]}]}},"_links":{"self":[{"href":"https:\/\/conncan.org\/es\/wp-json\/wp\/v2\/pages\/23235817","targetHints":{"allow":["GET"]}}],"collection":[{"href":"https:\/\/conncan.org\/es\/wp-json\/wp\/v2\/pages"}],"about":[{"href":"https:\/\/conncan.org\/es\/wp-json\/wp\/v2\/types\/page"}],"author":[{"embeddable":true,"href":"https:\/\/conncan.org\/es\/wp-json\/wp\/v2\/users\/205"}],"replies":[{"embeddable":true,"href":"https:\/\/conncan.org\/es\/wp-json\/wp\/v2\/comments?post=23235817"}],"version-history":[{"count":0,"href":"https:\/\/conncan.org\/es\/wp-json\/wp\/v2\/pages\/23235817\/revisions"}],"wp:attachment":[{"href":"https:\/\/conncan.org\/es\/wp-json\/wp\/v2\/media?parent=23235817"}],"curies":[{"name":"wp","href":"https:\/\/api.w.org\/{rel}","templated":true}]}}